{"id":5495,"date":"2022-05-11T22:29:26","date_gmt":"2022-05-12T05:29:26","guid":{"rendered":"https:\/\/fab.dental\/?page_id=5495"},"modified":"2025-09-01T00:05:50","modified_gmt":"2025-09-01T07:05:50","slug":"blog","status":"publish","type":"page","link":"https:\/\/fab.dental\/es\/blog\/","title":{"rendered":"Blog"},"content":{"rendered":"<div data-elementor-type=\"wp-page\" data-elementor-id=\"5495\" class=\"elementor elementor-5495\" data-elementor-post-type=\"page\">\n\t\t\t\t\t\t<section class=\"elementor-section elementor-top-section elementor-element elementor-element-9f7b3ee elementor-section-boxed elementor-section-height-default elementor-section-height-default\" data-id=\"9f7b3ee\" data-element_type=\"section\" data-e-type=\"section\">\n\t\t\t\t\t\t<div class=\"elementor-container elementor-column-gap-default\">\n\t\t\t\t\t<div class=\"elementor-column elementor-col-100 elementor-top-column elementor-element elementor-element-64f5423\" data-id=\"64f5423\" data-element_type=\"column\" data-e-type=\"column\">\n\t\t\t<div class=\"elementor-widget-wrap elementor-element-populated\">\n\t\t\t\t\t\t<div class=\"elementor-element elementor-element-2a53dc2 elementor-widget elementor-widget-heading\" data-id=\"2a53dc2\" data-element_type=\"widget\" data-e-type=\"widget\" data-widget_type=\"heading.default\">\n\t\t\t\t<div class=\"elementor-widget-container\">\n\t\t\t\t\t<h1 class=\"elementor-heading-title elementor-size-default\">Bienvenido al blog de Fab Dental<\/h1>\t\t\t\t<\/div>\n\t\t\t\t<\/div>\n\t\t\t\t<div class=\"elementor-element elementor-element-78212f0 elementor-grid-3 elementor-grid-tablet-2 elementor-grid-mobile-1 elementor-posts--thumbnail-top elementor-card-shadow-yes elementor-posts__hover-gradient elementor-widget elementor-widget-posts\" data-id=\"78212f0\" data-element_type=\"widget\" data-e-type=\"widget\" data-settings=\"{&quot;pagination_type&quot;:&quot;numbers_and_prev_next&quot;,&quot;cards_columns&quot;:&quot;3&quot;,&quot;cards_columns_tablet&quot;:&quot;2&quot;,&quot;cards_columns_mobile&quot;:&quot;1&quot;,&quot;cards_row_gap&quot;:{&quot;unit&quot;:&quot;px&quot;,&quot;size&quot;:35,&quot;sizes&quot;:[]},&quot;cards_row_gap_tablet&quot;:{&quot;unit&quot;:&quot;px&quot;,&quot;size&quot;:&quot;&quot;,&quot;sizes&quot;:[]},&quot;cards_row_gap_mobile&quot;:{&quot;unit&quot;:&quot;px&quot;,&quot;size&quot;:&quot;&quot;,&quot;sizes&quot;:[]}}\" data-widget_type=\"posts.cards\">\n\t\t\t\t<div class=\"elementor-widget-container\">\n\t\t\t\t\t\t\t<div class=\"elementor-posts-container elementor-posts elementor-posts--skin-cards elementor-grid\" role=\"list\">\n\t\t\t\t<article class=\"elementor-post elementor-grid-item post-12682 post type-post status-publish format-standard has-post-thumbnail hentry category-common-questions category-teeth-cleaning\" role=\"listitem\">\n\t\t\t<div class=\"elementor-post__card\">\n\t\t\t\t<a class=\"elementor-post__thumbnail__link\" href=\"https:\/\/fab.dental\/es\/blog\/cual-es-el-mejor-metodo-para-blanquear-los-dientes\/\" tabindex=\"-1\"><div class=\"elementor-post__thumbnail\"><img fetchpriority=\"high\" decoding=\"async\" width=\"300\" height=\"300\" src=\"https:\/\/fab.dental\/wp-content\/uploads\/2022\/07\/Teeth-Whitening-300x300.jpg\" class=\"attachment-medium size-medium wp-image-7165\" alt=\"Blanqueamiento dental\" srcset=\"https:\/\/fab.dental\/wp-content\/uploads\/2022\/07\/Teeth-Whitening-300x300.jpg 300w, https:\/\/fab.dental\/wp-content\/uploads\/2022\/07\/Teeth-Whitening-150x150.jpg 150w, https:\/\/fab.dental\/wp-content\/uploads\/2022\/07\/Teeth-Whitening-768x765.jpg 768w, https:\/\/fab.dental\/wp-content\/uploads\/2022\/07\/Teeth-Whitening.jpg 1024w\" sizes=\"(max-width: 300px) 100vw, 300px\" title=\"\"><\/div><\/a>\n\t\t\t\t<div class=\"elementor-post__text\">\n\t\t\t\t<h3 class=\"elementor-post__title\">\n\t\t\t<a href=\"https:\/\/fab.dental\/es\/blog\/cual-es-el-mejor-metodo-para-blanquear-los-dientes\/\">\n\t\t\t\t\u00bfCu\u00e1l es el mejor m\u00e9todo para blanquear los dientes?\t\t\t<\/a>\n\t\t<\/h3>\n\t\t\t\t<div class=\"elementor-post__excerpt\">\n\t\t\t<p>El blanqueamiento dental es un tratamiento dental cosm\u00e9tico popular que muchas personas buscan para mejorar su sonrisa. Con tantas opciones disponibles, puede resultar un desaf\u00edo.<\/p>\n\t\t<\/div>\n\t\t\t\t<\/div>\n\t\t\t\t<div class=\"elementor-post__meta-data\">\n\t\t\t\t\t<span class=\"elementor-post-date\">\n\t\t\t18 de diciembre de 2024\t\t<\/span>\n\t\t\t\t<\/div>\n\t\t\t\t\t<\/div>\n\t\t<\/article>\n\t\t\t\t<article class=\"elementor-post elementor-grid-item post-12678 post type-post status-publish format-standard has-post-thumbnail hentry category-common-questions\" role=\"listitem\">\n\t\t\t<div class=\"elementor-post__card\">\n\t\t\t\t<a class=\"elementor-post__thumbnail__link\" href=\"https:\/\/fab.dental\/es\/blog\/cuales-son-las-desventajas-de-las-carillas-de-porcelana\/\" tabindex=\"-1\"><div class=\"elementor-post__thumbnail\"><img decoding=\"async\" width=\"300\" height=\"200\" src=\"https:\/\/fab.dental\/wp-content\/uploads\/2024\/12\/Porcelain-Veneers.avif\" class=\"attachment-medium size-medium wp-image-12679\" alt=\"Carillas de porcelana\" title=\"\"><\/div><\/a>\n\t\t\t\t<div class=\"elementor-post__text\">\n\t\t\t\t<h3 class=\"elementor-post__title\">\n\t\t\t<a href=\"https:\/\/fab.dental\/es\/blog\/cuales-son-las-desventajas-de-las-carillas-de-porcelana\/\">\n\t\t\t\t\u00bfCu\u00e1les son las desventajas de las carillas de porcelana?\t\t\t<\/a>\n\t\t<\/h3>\n\t\t\t\t<div class=\"elementor-post__excerpt\">\n\t\t\t<p>Las carillas de porcelana se han convertido en una de las opciones m\u00e1s populares en odontolog\u00eda est\u00e9tica para quienes buscan mejorar su sonrisa. Estas l\u00e1minas delgadas y hechas a medida<\/p>\n\t\t<\/div>\n\t\t\t\t<\/div>\n\t\t\t\t<div class=\"elementor-post__meta-data\">\n\t\t\t\t\t<span class=\"elementor-post-date\">\n\t\t\t17 de diciembre de 2024\t\t<\/span>\n\t\t\t\t<\/div>\n\t\t\t\t\t<\/div>\n\t\t<\/article>\n\t\t\t\t<article class=\"elementor-post elementor-grid-item post-12675 post type-post status-publish format-standard has-post-thumbnail hentry category-common-questions\" role=\"listitem\">\n\t\t\t<div class=\"elementor-post__card\">\n\t\t\t\t<a class=\"elementor-post__thumbnail__link\" href=\"https:\/\/fab.dental\/es\/blog\/los-10-principales-malos-habitos-que-se-deben-evitar-para-tener-dientes-sanos\/\" tabindex=\"-1\"><div class=\"elementor-post__thumbnail\"><img decoding=\"async\" width=\"300\" height=\"199\" src=\"https:\/\/fab.dental\/wp-content\/uploads\/2024\/12\/Wisdom-Teeth-and-Their-Impact-on-Sinus-Health.avif\" class=\"attachment-medium size-medium wp-image-12649\" alt=\"Muelas del juicio y salud de los senos nasales\" title=\"\"><\/div><\/a>\n\t\t\t\t<div class=\"elementor-post__text\">\n\t\t\t\t<h3 class=\"elementor-post__title\">\n\t\t\t<a href=\"https:\/\/fab.dental\/es\/blog\/los-10-principales-malos-habitos-que-se-deben-evitar-para-tener-dientes-sanos\/\">\n\t\t\t\tLos 10 principales malos h\u00e1bitos que se deben evitar para tener dientes sanos\t\t\t<\/a>\n\t\t<\/h3>\n\t\t\t\t<div class=\"elementor-post__excerpt\">\n\t\t\t<p>Mantener una buena higiene bucal es fundamental para mantener unos dientes sanos y una sonrisa brillante. Sin embargo, ciertos h\u00e1bitos pueden afectar negativamente a tu salud dental, incluso<\/p>\n\t\t<\/div>\n\t\t\t\t<\/div>\n\t\t\t\t<div class=\"elementor-post__meta-data\">\n\t\t\t\t\t<span class=\"elementor-post-date\">\n\t\t\t16 de diciembre de 2024\t\t<\/span>\n\t\t\t\t<\/div>\n\t\t\t\t\t<\/div>\n\t\t<\/article>\n\t\t\t\t<article class=\"elementor-post elementor-grid-item post-12671 post type-post status-publish format-standard has-post-thumbnail hentry category-common-questions\" role=\"listitem\">\n\t\t\t<div class=\"elementor-post__card\">\n\t\t\t\t<a class=\"elementor-post__thumbnail__link\" href=\"https:\/\/fab.dental\/es\/blog\/dolor-de-muelas-sintomas-comunes-causas-y-remedios-efectivos\/\" tabindex=\"-1\"><div class=\"elementor-post__thumbnail\"><img loading=\"lazy\" decoding=\"async\" width=\"300\" height=\"200\" src=\"https:\/\/fab.dental\/wp-content\/uploads\/2022\/03\/24ae020d-4a36-4655-a310-e3d88e9e85e0-300x200.jpg\" class=\"attachment-medium size-medium wp-image-12385\" alt=\"Extracciones dentales cerca de m\u00ed, urgencias dentales por dolor de muelas\" srcset=\"https:\/\/fab.dental\/wp-content\/uploads\/2022\/03\/24ae020d-4a36-4655-a310-e3d88e9e85e0-300x200.jpg 300w, https:\/\/fab.dental\/wp-content\/uploads\/2022\/03\/24ae020d-4a36-4655-a310-e3d88e9e85e0-768x512.jpg 768w, https:\/\/fab.dental\/wp-content\/uploads\/2022\/03\/24ae020d-4a36-4655-a310-e3d88e9e85e0-18x12.jpg 18w, https:\/\/fab.dental\/wp-content\/uploads\/2022\/03\/24ae020d-4a36-4655-a310-e3d88e9e85e0.jpg 800w\" sizes=\"(max-width: 300px) 100vw, 300px\" title=\"\"><\/div><\/a>\n\t\t\t\t<div class=\"elementor-post__text\">\n\t\t\t\t<h3 class=\"elementor-post__title\">\n\t\t\t<a href=\"https:\/\/fab.dental\/es\/blog\/dolor-de-muelas-sintomas-comunes-causas-y-remedios-efectivos\/\">\n\t\t\t\tDolor de muelas: s\u00edntomas comunes, causas y remedios efectivos\t\t\t<\/a>\n\t\t<\/h3>\n\t\t\t\t<div class=\"elementor-post__excerpt\">\n\t\t\t<p>El dolor de muelas puede variar desde una molestia leve hasta un dolor intenso, lo que lo convierte en una de las quejas dentales m\u00e1s comunes. Es importante tratar el dolor de muelas<\/p>\n\t\t<\/div>\n\t\t\t\t<\/div>\n\t\t\t\t<div class=\"elementor-post__meta-data\">\n\t\t\t\t\t<span class=\"elementor-post-date\">\n\t\t\t13 de diciembre de 2024\t\t<\/span>\n\t\t\t\t<\/div>\n\t\t\t\t\t<\/div>\n\t\t<\/article>\n\t\t\t\t<article class=\"elementor-post elementor-grid-item post-12666 post type-post status-publish format-standard has-post-thumbnail hentry category-common-questions\" role=\"listitem\">\n\t\t\t<div class=\"elementor-post__card\">\n\t\t\t\t<a class=\"elementor-post__thumbnail__link\" href=\"https:\/\/fab.dental\/es\/blog\/el-raspado-y-alisado-radicular-son-tratamientos-clave-para-la-salud-de-las-encias\/\" tabindex=\"-1\"><div class=\"elementor-post__thumbnail\"><img loading=\"lazy\" decoding=\"async\" width=\"300\" height=\"199\" src=\"https:\/\/fab.dental\/wp-content\/uploads\/2024\/12\/Scaling-and-Root-Planning-300x199.jpg\" class=\"attachment-medium size-medium wp-image-12667\" alt=\"Raspado y alisado radicular\" srcset=\"https:\/\/fab.dental\/wp-content\/uploads\/2024\/12\/Scaling-and-Root-Planning-300x199.jpg 300w, https:\/\/fab.dental\/wp-content\/uploads\/2024\/12\/Scaling-and-Root-Planning-18x12.jpg 18w, https:\/\/fab.dental\/wp-content\/uploads\/2024\/12\/Scaling-and-Root-Planning.jpg 740w\" sizes=\"(max-width: 300px) 100vw, 300px\" title=\"\"><\/div><\/a>\n\t\t\t\t<div class=\"elementor-post__text\">\n\t\t\t\t<h3 class=\"elementor-post__title\">\n\t\t\t<a href=\"https:\/\/fab.dental\/es\/blog\/el-raspado-y-alisado-radicular-son-tratamientos-clave-para-la-salud-de-las-encias\/\">\n\t\t\t\tRaspado y alisado radicular: un tratamiento clave para la salud de las enc\u00edas\t\t\t<\/a>\n\t\t<\/h3>\n\t\t\t\t<div class=\"elementor-post__excerpt\">\n\t\t\t<p>El raspado y alisado radicular es un procedimiento de limpieza dental profunda que se suele recomendar cuando la enfermedad de las enc\u00edas ha avanzado m\u00e1s all\u00e1 de las etapas iniciales.<\/p>\n\t\t<\/div>\n\t\t\t\t<\/div>\n\t\t\t\t<div class=\"elementor-post__meta-data\">\n\t\t\t\t\t<span class=\"elementor-post-date\">\n\t\t\t12 de diciembre de 2024\t\t<\/span>\n\t\t\t\t<\/div>\n\t\t\t\t\t<\/div>\n\t\t<\/article>\n\t\t\t\t<article class=\"elementor-post elementor-grid-item post-12663 post type-post status-publish format-standard has-post-thumbnail hentry category-common-questions\" role=\"listitem\">\n\t\t\t<div class=\"elementor-post__card\">\n\t\t\t\t<a class=\"elementor-post__thumbnail__link\" href=\"https:\/\/fab.dental\/es\/blog\/5-datos-importantes-sobre-el-cepillado-de-los-dientes-para-una-sonrisa-mas-saludable\/\" tabindex=\"-1\"><div class=\"elementor-post__thumbnail\"><img loading=\"lazy\" decoding=\"async\" width=\"300\" height=\"200\" src=\"https:\/\/fab.dental\/wp-content\/uploads\/2024\/12\/Brushing-Your-Teeth.avif\" class=\"attachment-medium size-medium wp-image-12664\" alt=\"Cepillarse los dientes\" title=\"\"><\/div><\/a>\n\t\t\t\t<div class=\"elementor-post__text\">\n\t\t\t\t<h3 class=\"elementor-post__title\">\n\t\t\t<a href=\"https:\/\/fab.dental\/es\/blog\/5-datos-importantes-sobre-el-cepillado-de-los-dientes-para-una-sonrisa-mas-saludable\/\">\n\t\t\t\t5 datos importantes sobre el cepillado de los dientes para una sonrisa m\u00e1s saludable\t\t\t<\/a>\n\t\t<\/h3>\n\t\t\t\t<div class=\"elementor-post__excerpt\">\n\t\t\t<p>Cepillarse los dientes es una parte fundamental del cuidado bucal diario, pero \u00bflo est\u00e1s haciendo correctamente? Muchas personas no se dan cuenta de lo mucho que cepillarse los dientes<\/p>\n\t\t<\/div>\n\t\t\t\t<\/div>\n\t\t\t\t<div class=\"elementor-post__meta-data\">\n\t\t\t\t\t<span class=\"elementor-post-date\">\n\t\t\t11 de diciembre de 2024\t\t<\/span>\n\t\t\t\t<\/div>\n\t\t\t\t\t<\/div>\n\t\t<\/article>\n\t\t\t\t<article class=\"elementor-post elementor-grid-item post-12661 post type-post status-publish format-standard has-post-thumbnail hentry category-common-questions\" role=\"listitem\">\n\t\t\t<div class=\"elementor-post__card\">\n\t\t\t\t<a class=\"elementor-post__thumbnail__link\" href=\"https:\/\/fab.dental\/es\/blog\/la-importancia-de-la-odontologia-general-y-familiar-tu-camino-hacia-una-sonrisa-saludable\/\" tabindex=\"-1\"><div class=\"elementor-post__thumbnail\"><img loading=\"lazy\" decoding=\"async\" width=\"300\" height=\"200\" src=\"https:\/\/fab.dental\/wp-content\/uploads\/2024\/08\/Downloader.la_-627b6aad6a26f-300x200.webp\" class=\"attachment-medium size-medium wp-image-11995\" alt=\"Odont\u00f3logo de Familia, Odontolog\u00eda General y Familiar\" srcset=\"https:\/\/fab.dental\/wp-content\/uploads\/2024\/08\/Downloader.la_-627b6aad6a26f-300x200.webp 300w, https:\/\/fab.dental\/wp-content\/uploads\/2024\/08\/Downloader.la_-627b6aad6a26f-768x512.webp 768w, https:\/\/fab.dental\/wp-content\/uploads\/2024\/08\/Downloader.la_-627b6aad6a26f-18x12.webp 18w, https:\/\/fab.dental\/wp-content\/uploads\/2024\/08\/Downloader.la_-627b6aad6a26f.webp 1024w\" sizes=\"(max-width: 300px) 100vw, 300px\" title=\"\"><\/div><\/a>\n\t\t\t\t<div class=\"elementor-post__text\">\n\t\t\t\t<h3 class=\"elementor-post__title\">\n\t\t\t<a href=\"https:\/\/fab.dental\/es\/blog\/la-importancia-de-la-odontologia-general-y-familiar-tu-camino-hacia-una-sonrisa-saludable\/\">\n\t\t\t\tLa importancia de la odontolog\u00eda general y familiar: su camino hacia una sonrisa saludable\t\t\t<\/a>\n\t\t<\/h3>\n\t\t\t\t<div class=\"elementor-post__excerpt\">\n\t\t\t<p>En Fab Dental Hayward, creemos que una sonrisa saludable es la base del bienestar general. Ya sea que est\u00e9 buscando controles de rutina, atenci\u00f3n preventiva o<\/p>\n\t\t<\/div>\n\t\t\t\t<\/div>\n\t\t\t\t<div class=\"elementor-post__meta-data\">\n\t\t\t\t\t<span class=\"elementor-post-date\">\n\t\t\t9 de diciembre de 2024\t\t<\/span>\n\t\t\t\t<\/div>\n\t\t\t\t\t<\/div>\n\t\t<\/article>\n\t\t\t\t<article class=\"elementor-post elementor-grid-item post-12657 post type-post status-publish format-standard has-post-thumbnail hentry category-emergency-dentist\" role=\"listitem\">\n\t\t\t<div class=\"elementor-post__card\">\n\t\t\t\t<a class=\"elementor-post__thumbnail__link\" href=\"https:\/\/fab.dental\/es\/blog\/que-hacer-en-caso-de-urgencia-dental-accion-rapida-para-una-sonrisa-sana\/\" tabindex=\"-1\"><div class=\"elementor-post__thumbnail\"><img loading=\"lazy\" decoding=\"async\" width=\"300\" height=\"200\" src=\"https:\/\/fab.dental\/wp-content\/uploads\/2024\/12\/Dental-Emergency.avif\" class=\"attachment-medium size-medium wp-image-12658\" alt=\"Emergencia dental\" title=\"\"><\/div><\/a>\n\t\t\t\t<div class=\"elementor-post__text\">\n\t\t\t\t<h3 class=\"elementor-post__title\">\n\t\t\t<a href=\"https:\/\/fab.dental\/es\/blog\/que-hacer-en-caso-de-urgencia-dental-accion-rapida-para-una-sonrisa-sana\/\">\n\t\t\t\tQu\u00e9 hacer en caso de urgencia dental: acci\u00f3n r\u00e1pida para una sonrisa saludable\t\t\t<\/a>\n\t\t<\/h3>\n\t\t\t\t<div class=\"elementor-post__excerpt\">\n\t\t\t<p>Las emergencias dentales pueden ocurrir cuando menos las esperas, ya sea un dolor de muelas repentino, un diente roto por una ca\u00edda o incluso un diente ca\u00eddo durante una operaci\u00f3n.<\/p>\n\t\t<\/div>\n\t\t\t\t<\/div>\n\t\t\t\t<div class=\"elementor-post__meta-data\">\n\t\t\t\t\t<span class=\"elementor-post-date\">\n\t\t\t6 de diciembre de 2024\t\t<\/span>\n\t\t\t\t<\/div>\n\t\t\t\t\t<\/div>\n\t\t<\/article>\n\t\t\t\t<article class=\"elementor-post elementor-grid-item post-12655 post type-post status-publish format-standard has-post-thumbnail hentry category-dental-implants-questions\" role=\"listitem\">\n\t\t\t<div class=\"elementor-post__card\">\n\t\t\t\t<a class=\"elementor-post__thumbnail__link\" href=\"https:\/\/fab.dental\/es\/blog\/cuales-son-los-tres-tipos-de-implantes-dentales-explorando-sus-opciones-para-una-sonrisa-perfecta\/\" tabindex=\"-1\"><div class=\"elementor-post__thumbnail\"><img loading=\"lazy\" decoding=\"async\" width=\"300\" height=\"300\" src=\"https:\/\/fab.dental\/wp-content\/uploads\/2022\/05\/dental-implant-300x300.png\" class=\"attachment-medium size-medium wp-image-8959\" alt=\"implantes dentales\" srcset=\"https:\/\/fab.dental\/wp-content\/uploads\/2022\/05\/dental-implant-300x300.png 300w, https:\/\/fab.dental\/wp-content\/uploads\/2022\/05\/dental-implant-1024x1024.png 1024w, https:\/\/fab.dental\/wp-content\/uploads\/2022\/05\/dental-implant-150x150.png 150w, https:\/\/fab.dental\/wp-content\/uploads\/2022\/05\/dental-implant-768x768.png 768w, https:\/\/fab.dental\/wp-content\/uploads\/2022\/05\/dental-implant-1536x1536.png 1536w, https:\/\/fab.dental\/wp-content\/uploads\/2022\/05\/dental-implant-2048x2048.png 2048w\" sizes=\"(max-width: 300px) 100vw, 300px\" title=\"\"><\/div><\/a>\n\t\t\t\t<div class=\"elementor-post__text\">\n\t\t\t\t<h3 class=\"elementor-post__title\">\n\t\t\t<a href=\"https:\/\/fab.dental\/es\/blog\/cuales-son-los-tres-tipos-de-implantes-dentales-explorando-sus-opciones-para-una-sonrisa-perfecta\/\">\n\t\t\t\t\u00bfCu\u00e1les son los tres tipos de implantes dentales? Conozca sus opciones para lograr una sonrisa perfecta\t\t\t<\/a>\n\t\t<\/h3>\n\t\t\t\t<div class=\"elementor-post__excerpt\">\n\t\t\t<p>En Fab Dental Hayward, entendemos que los implantes dentales pueden cambiar la vida de las personas que han perdido dientes debido a lesiones, caries o envejecimiento.<\/p>\n\t\t<\/div>\n\t\t\t\t<\/div>\n\t\t\t\t<div class=\"elementor-post__meta-data\">\n\t\t\t\t\t<span class=\"elementor-post-date\">\n\t\t\t5 de diciembre de 2024\t\t<\/span>\n\t\t\t\t<\/div>\n\t\t\t\t\t<\/div>\n\t\t<\/article>\n\t\t\t\t<article class=\"elementor-post elementor-grid-item post-12651 post type-post status-publish format-standard has-post-thumbnail hentry category-common-questions\" role=\"listitem\">\n\t\t\t<div class=\"elementor-post__card\">\n\t\t\t\t<a class=\"elementor-post__thumbnail__link\" href=\"https:\/\/fab.dental\/es\/blog\/cual-es-la-diferencia-entre-un-dentista-familiar-y-un-dentista-general\/\" tabindex=\"-1\"><div class=\"elementor-post__thumbnail\"><img loading=\"lazy\" decoding=\"async\" width=\"300\" height=\"200\" src=\"https:\/\/fab.dental\/wp-content\/uploads\/2024\/08\/Downloader.la_-627b6aad6a26f-300x200.webp\" class=\"attachment-medium size-medium wp-image-11995\" alt=\"Odont\u00f3logo de Familia, Odontolog\u00eda General y Familiar\" srcset=\"https:\/\/fab.dental\/wp-content\/uploads\/2024\/08\/Downloader.la_-627b6aad6a26f-300x200.webp 300w, https:\/\/fab.dental\/wp-content\/uploads\/2024\/08\/Downloader.la_-627b6aad6a26f-768x512.webp 768w, https:\/\/fab.dental\/wp-content\/uploads\/2024\/08\/Downloader.la_-627b6aad6a26f-18x12.webp 18w, https:\/\/fab.dental\/wp-content\/uploads\/2024\/08\/Downloader.la_-627b6aad6a26f.webp 1024w\" sizes=\"(max-width: 300px) 100vw, 300px\" title=\"\"><\/div><\/a>\n\t\t\t\t<div class=\"elementor-post__text\">\n\t\t\t\t<h3 class=\"elementor-post__title\">\n\t\t\t<a href=\"https:\/\/fab.dental\/es\/blog\/cual-es-la-diferencia-entre-un-dentista-familiar-y-un-dentista-general\/\">\n\t\t\t\t\u00bfCu\u00e1l es la diferencia entre un dentista familiar y un dentista general?\t\t\t<\/a>\n\t\t<\/h3>\n\t\t\t\t<div class=\"elementor-post__excerpt\">\n\t\t\t<p>Cuando se trata de atenci\u00f3n dental, es posible que haya escuchado los t\u00e9rminos \u201cdentista familiar\u201d y \u201cdentista general\u201d utilizados indistintamente. Si bien ambos tipos de dentistas brindan<\/p>\n\t\t<\/div>\n\t\t\t\t<\/div>\n\t\t\t\t<div class=\"elementor-post__meta-data\">\n\t\t\t\t\t<span class=\"elementor-post-date\">\n\t\t\t4 de diciembre de 2024\t\t<\/span>\n\t\t\t\t<\/div>\n\t\t\t\t\t<\/div>\n\t\t<\/article>\n\t\t\t\t<article class=\"elementor-post elementor-grid-item post-12648 post type-post status-publish format-standard has-post-thumbnail hentry category-common-questions\" role=\"listitem\">\n\t\t\t<div class=\"elementor-post__card\">\n\t\t\t\t<a class=\"elementor-post__thumbnail__link\" href=\"https:\/\/fab.dental\/es\/blog\/las-muelas-del-juicio-y-su-impacto-en-la-salud-de-los-senos-nasales\/\" tabindex=\"-1\"><div class=\"elementor-post__thumbnail\"><img decoding=\"async\" width=\"300\" height=\"199\" src=\"https:\/\/fab.dental\/wp-content\/uploads\/2024\/12\/Wisdom-Teeth-and-Their-Impact-on-Sinus-Health.avif\" class=\"attachment-medium size-medium wp-image-12649\" alt=\"Muelas del juicio y salud de los senos nasales\" title=\"\"><\/div><\/a>\n\t\t\t\t<div class=\"elementor-post__text\">\n\t\t\t\t<h3 class=\"elementor-post__title\">\n\t\t\t<a href=\"https:\/\/fab.dental\/es\/blog\/las-muelas-del-juicio-y-su-impacto-en-la-salud-de-los-senos-nasales\/\">\n\t\t\t\tLas muelas del juicio y su impacto en la salud de los senos nasales\t\t\t<\/a>\n\t\t<\/h3>\n\t\t\t\t<div class=\"elementor-post__excerpt\">\n\t\t\t<p>Las muelas del juicio suelen ser las \u00faltimas en salir, pero pueden causar muchos problemas cuando lo hacen. Si bien muchas personas asocian las muelas del juicio con el api\u00f1amiento,<\/p>\n\t\t<\/div>\n\t\t\t\t<\/div>\n\t\t\t\t<div class=\"elementor-post__meta-data\">\n\t\t\t\t\t<span class=\"elementor-post-date\">\n\t\t\t2 de diciembre de 2024\t\t<\/span>\n\t\t\t\t<\/div>\n\t\t\t\t\t<\/div>\n\t\t<\/article>\n\t\t\t\t<article class=\"elementor-post elementor-grid-item post-12646 post type-post status-publish format-standard has-post-thumbnail hentry category-common-questions category-emergency-dentist\" role=\"listitem\">\n\t\t\t<div class=\"elementor-post__card\">\n\t\t\t\t<a class=\"elementor-post__thumbnail__link\" href=\"https:\/\/fab.dental\/es\/blog\/la-importancia-de-encontrar-una-clinica-dental-local-de-confianza\/\" tabindex=\"-1\"><div class=\"elementor-post__thumbnail\"><img loading=\"lazy\" decoding=\"async\" width=\"300\" height=\"197\" src=\"https:\/\/fab.dental\/wp-content\/uploads\/2024\/03\/Emergency-Dentist-3-300x197.jpg\" class=\"attachment-medium size-medium wp-image-11282\" alt=\"Dentista de urgencias, Cl\u00ednica dental\" srcset=\"https:\/\/fab.dental\/wp-content\/uploads\/2024\/03\/Emergency-Dentist-3-300x197.jpg 300w, https:\/\/fab.dental\/wp-content\/uploads\/2024\/03\/Emergency-Dentist-3-768x504.jpg 768w, https:\/\/fab.dental\/wp-content\/uploads\/2024\/03\/Emergency-Dentist-3-18x12.jpg 18w, https:\/\/fab.dental\/wp-content\/uploads\/2024\/03\/Emergency-Dentist-3.jpg 1024w\" sizes=\"(max-width: 300px) 100vw, 300px\" title=\"\"><\/div><\/a>\n\t\t\t\t<div class=\"elementor-post__text\">\n\t\t\t\t<h3 class=\"elementor-post__title\">\n\t\t\t<a href=\"https:\/\/fab.dental\/es\/blog\/la-importancia-de-encontrar-una-clinica-dental-local-de-confianza\/\">\n\t\t\t\tLa importancia de encontrar una cl\u00ednica dental local de confianza\t\t\t<\/a>\n\t\t<\/h3>\n\t\t\t\t<div class=\"elementor-post__excerpt\">\n\t\t\t<p>Tu salud dental afecta todo, desde tu confianza hasta tu bienestar general. Por eso es fundamental encontrar una cl\u00ednica dental local de confianza. Ya sea que tengas que ir a un dentista<\/p>\n\t\t<\/div>\n\t\t\t\t<\/div>\n\t\t\t\t<div class=\"elementor-post__meta-data\">\n\t\t\t\t\t<span class=\"elementor-post-date\">\n\t\t\t29 de noviembre de 2024\t\t<\/span>\n\t\t\t\t<\/div>\n\t\t\t\t\t<\/div>\n\t\t<\/article>\n\t\t\t\t<\/div>\n\t\t\n\t\t\t\t<div class=\"e-load-more-anchor\" data-page=\"1\" data-max-page=\"9\" data-next-page=\"https:\/\/fab.dental\/wp-json\/wp\/v2\/pages\/5495\/page\/2\/\"><\/div>\n\t\t\t\t<nav class=\"elementor-pagination\" aria-label=\"Paginaci\u00f3n\">\n\t\t\t<span class=\"page-numbers prev\">&quot; Anterior<\/span>\n<span aria-current=\"page\" class=\"page-numbers current\"><span class=\"elementor-screen-only\">P\u00e1gina<\/span>1<\/span>\n<a class=\"page-numbers\" href=\"https:\/\/fab.dental\/wp-json\/wp\/v2\/pages\/5495\/page\/2\/\"><span class=\"elementor-screen-only\">P\u00e1gina<\/span>2<\/a>\n<a class=\"page-numbers\" href=\"https:\/\/fab.dental\/wp-json\/wp\/v2\/pages\/5495\/page\/3\/\"><span class=\"elementor-screen-only\">P\u00e1gina<\/span>3<\/a>\n<a class=\"page-numbers\" href=\"https:\/\/fab.dental\/wp-json\/wp\/v2\/pages\/5495\/page\/4\/\"><span class=\"elementor-screen-only\">P\u00e1gina<\/span>4<\/a>\n<a class=\"page-numbers\" href=\"https:\/\/fab.dental\/wp-json\/wp\/v2\/pages\/5495\/page\/5\/\"><span class=\"elementor-screen-only\">P\u00e1gina<\/span>5<\/a>\n<a class=\"page-numbers\" href=\"https:\/\/fab.dental\/wp-json\/wp\/v2\/pages\/5495\/page\/6\/\"><span class=\"elementor-screen-only\">P\u00e1gina<\/span>6<\/a>\n<a class=\"page-numbers\" href=\"https:\/\/fab.dental\/wp-json\/wp\/v2\/pages\/5495\/page\/7\/\"><span class=\"elementor-screen-only\">P\u00e1gina<\/span>7<\/a>\n<a class=\"page-numbers\" href=\"https:\/\/fab.dental\/wp-json\/wp\/v2\/pages\/5495\/page\/8\/\"><span class=\"elementor-screen-only\">P\u00e1gina<\/span>8<\/a>\n<a class=\"page-numbers\" href=\"https:\/\/fab.dental\/wp-json\/wp\/v2\/pages\/5495\/page\/9\/\"><span class=\"elementor-screen-only\">P\u00e1gina<\/span>9<\/a>\n<a class=\"page-numbers next\" href=\"https:\/\/fab.dental\/wp-json\/wp\/v2\/pages\/5495\/page\/2\/\">Pr\u00f3ximo &quot;<\/a>\t\t<\/nav>\n\t\t\t\t\t\t<\/div>\n\t\t\t\t<\/div>\n\t\t\t\t\t<\/div>\n\t\t<\/div>\n\t\t\t\t\t<\/div>\n\t\t<\/section>\n\t\t\t\t<\/div>","protected":false},"excerpt":{"rendered":"<p>Bienvenido al blog de Fab Dental<\/p>","protected":false},"author":1,"featured_media":0,"parent":0,"menu_order":0,"comment_status":"closed","ping_status":"closed","template":"elementor_header_footer","meta":{"footnotes":""},"class_list":["post-5495","page","type-page","status-publish","hentry"],"_links":{"self":[{"href":"https:\/\/fab.dental\/es\/wp-json\/wp\/v2\/pages\/5495","targetHints":{"allow":["GET"]}}],"collection":[{"href":"https:\/\/fab.dental\/es\/wp-json\/wp\/v2\/pages"}],"about":[{"href":"https:\/\/fab.dental\/es\/wp-json\/wp\/v2\/types\/page"}],"author":[{"embeddable":true,"href":"https:\/\/fab.dental\/es\/wp-json\/wp\/v2\/users\/1"}],"replies":[{"embeddable":true,"href":"https:\/\/fab.dental\/es\/wp-json\/wp\/v2\/comments?post=5495"}],"version-history":[{"count":5,"href":"https:\/\/fab.dental\/es\/wp-json\/wp\/v2\/pages\/5495\/revisions"}],"predecessor-version":[{"id":13095,"href":"https:\/\/fab.dental\/es\/wp-json\/wp\/v2\/pages\/5495\/revisions\/13095"}],"wp:attachment":[{"href":"https:\/\/fab.dental\/es\/wp-json\/wp\/v2\/media?parent=5495"}],"curies":[{"name":"wp","href":"https:\/\/api.w.org\/{rel}","templated":true}]}}