{"id":4694,"date":"2022-05-06T09:03:31","date_gmt":"2022-05-06T16:03:31","guid":{"rendered":"https:\/\/fab.dental\/?page_id=4694"},"modified":"2024-08-23T04:38:20","modified_gmt":"2024-08-23T11:38:20","slug":"politica-de-privacidad","status":"publish","type":"page","link":"https:\/\/fab.dental\/es\/politica-de-privacidad\/","title":{"rendered":"pol\u00edtica de privacidad"},"content":{"rendered":"<div data-elementor-type=\"wp-page\" data-elementor-id=\"4694\" class=\"elementor elementor-4694\" data-elementor-post-type=\"page\">\n\t\t\t\t\t\t<section class=\"elementor-section elementor-top-section elementor-element elementor-element-e4dbe23 elementor-section-boxed elementor-section-height-default elementor-section-height-default\" data-id=\"e4dbe23\" data-element_type=\"section\" data-e-type=\"section\">\n\t\t\t\t\t\t<div class=\"elementor-container elementor-column-gap-default\">\n\t\t\t\t\t<div class=\"elementor-column elementor-col-100 elementor-top-column elementor-element elementor-element-60bc9bb\" data-id=\"60bc9bb\" data-element_type=\"column\" data-e-type=\"column\">\n\t\t\t<div class=\"elementor-widget-wrap elementor-element-populated\">\n\t\t\t\t\t\t<div class=\"elementor-element elementor-element-8892cd9 elementor-widget elementor-widget-text-editor\" data-id=\"8892cd9\" data-element_type=\"widget\" data-e-type=\"widget\" data-widget_type=\"text-editor.default\">\n\t\t\t\t<div class=\"elementor-widget-container\">\n\t\t\t\t\t\t\t\t\t<p><\/p>\t\t\t\t\t\t\t\t<\/div>\n\t\t\t\t<\/div>\n\t\t\t\t\t<\/div>\n\t\t<\/div>\n\t\t\t\t\t<\/div>\n\t\t<\/section>\n\t\t\t\t<section class=\"elementor-section elementor-top-section elementor-element elementor-element-50887be8 elementor-section-boxed elementor-section-height-default elementor-section-height-default\" data-id=\"50887be8\" data-element_type=\"section\" data-e-type=\"section\">\n\t\t\t\t\t\t<div class=\"elementor-container elementor-column-gap-default\">\n\t\t\t\t\t<div class=\"elementor-column elementor-col-100 elementor-top-column elementor-element elementor-element-613ca027\" data-id=\"613ca027\" data-element_type=\"column\" data-e-type=\"column\">\n\t\t\t<div class=\"elementor-widget-wrap elementor-element-populated\">\n\t\t\t\t\t\t<div class=\"elementor-element elementor-element-1b96a911 elementor-widget elementor-widget-text-editor\" data-id=\"1b96a911\" data-element_type=\"widget\" data-e-type=\"widget\" data-widget_type=\"text-editor.default\">\n\t\t\t\t<div class=\"elementor-widget-container\">\n\t\t\t\t\t\t\t\t\t<p><\/p>\n<h1 class=\"wp-block-heading\">Quienes somos<\/h1>\n<p><\/p>\n<p><\/p>\n<p>La direcci\u00f3n de nuestro sitio web es: https:\/\/fab.dental.<\/p>\n<p><\/p>\n<p><\/p>\n<p>&#039;Fab Dental&#039; es un nombre comercial ficticio, registrado en California por Guneet Alag DDS PC, que es la empresa propietaria del sitio web https:\/\/fab.dental, junto con el arrendamiento de la pr\u00e1ctica dental Fab Dental en 31133 Mission Blvd, Hayward, CA \u2013 94544<\/p>\n<p><\/p>\n<p><\/p>\n<h2 class=\"wp-block-heading\">Comentarios<\/h2>\n<p><\/p>\n<p><\/p>\n<p>Cuando los visitantes dejan comentarios en el sitio, recopilamos los datos que se muestran en el formulario de comentarios, y tambi\u00e9n la direcci\u00f3n IP del visitante y la cadena del agente de usuario del navegador para ayudar a la detecci\u00f3n de spam.<\/p>\n<p><\/p>\n<p><\/p>\n<p>Se puede proporcionar una cadena an\u00f3nima creada a partir de su direcci\u00f3n de correo electr\u00f3nico (tambi\u00e9n llamada hash) al servicio Gravatar para ver si la est\u00e1 utilizando. La pol\u00edtica de privacidad del servicio Gravatar est\u00e1 disponible aqu\u00ed: https:\/\/automattic.com\/privacy\/. Despu\u00e9s de la aprobaci\u00f3n de su comentario, su foto de perfil es visible para el p\u00fablico en el contexto de su comentario.<\/p>\n<p><\/p>\n<p><\/p>\n<h2 class=\"wp-block-heading\">Galletas<\/h2>\n<p><\/p>\n<p><\/p>\n<p>Si deja un comentario en nuestro sitio, puede optar por guardar su nombre, direcci\u00f3n de correo electr\u00f3nico y sitio web en cookies. Estos son para su comodidad, para que no tenga que volver a rellenar sus datos cuando deje otro comentario. Estas cookies tendr\u00e1n una duraci\u00f3n de un a\u00f1o.<\/p>\n<p><\/p>\n<p><\/p>\n<p>Si visita nuestra p\u00e1gina de inicio de sesi\u00f3n, estableceremos una cookie temporal para determinar si su navegador acepta cookies. Esta cookie no contiene datos personales y se descarta cuando cierra su navegador.<\/p>\n<p><\/p>\n<p><\/p>\n<h2 class=\"wp-block-heading\">Contenido incrustado de otros sitios web<\/h2>\n<p><\/p>\n<p><\/p>\n<p>Los art\u00edculos en este sitio pueden incluir contenido incrustado (por ejemplo, videos, im\u00e1genes, art\u00edculos, etc.). El contenido incrustado de otros sitios web se comporta exactamente de la misma manera que si el visitante hubiera visitado el otro sitio web.<\/p>\n<p><\/p>\n<p><\/p>\n<p>Estos sitios web pueden recopilar datos sobre usted, usar cookies, incrustar un seguimiento adicional de terceros y monitorear su interacci\u00f3n con ese contenido incrustado, incluido el seguimiento de su interacci\u00f3n con el contenido incrustado si tiene una cuenta y ha iniciado sesi\u00f3n en ese sitio web.<\/p>\n<p><\/p>\n<p><\/p>\n<h2 class=\"wp-block-heading\">Con qui\u00e9n compartimos sus datos<\/h2>\n<p><\/p>\n<p><\/p>\n<p>No compartimos sus datos m\u00e9dicos o en l\u00ednea con nadie, excepto si es necesario para procedimientos m\u00e9dicos.<\/p>\n<p><\/p>\n<p><\/p>\n<h2 class=\"wp-block-heading\">Cu\u00e1nto tiempo conservamos sus datos<\/h2>\n<p><\/p>\n<p><\/p>\n<p>Si deja un comentario, el comentario y sus metadatos se conservan indefinidamente. Esto es para que podamos reconocer y aprobar cualquier comentario de seguimiento autom\u00e1ticamente en lugar de mantenerlos en una cola de moderaci\u00f3n.<\/p>\n<p><\/p>\n<p><\/p>\n<h2 class=\"wp-block-heading\">Qu\u00e9 derechos tienes sobre tus datos<\/h2>\n<p><\/p>\n<p><\/p>\n<p>Como paciente de la pr\u00e1ctica dental puede solicitar sus registros m\u00e9dicos \/ dentales.<\/p>\n<p><\/p>\n<p><\/p>\n<h2 class=\"wp-block-heading\">Donde enviamos tus datos<\/h2>\n<p><\/p>\n<p><\/p>\n<p>Los comentarios de los visitantes puede que los revise un servicio de detecci\u00f3n autom\u00e1tica de spam.<\/p>\n<p><\/p>\t\t\t\t\t\t\t\t<\/div>\n\t\t\t\t<\/div>\n\t\t\t\t\t<\/div>\n\t\t<\/div>\n\t\t\t\t\t<\/div>\n\t\t<\/section>\n\t\t\t\t<\/div>","protected":false},"excerpt":{"rendered":"<p>Who we are Our website address is: https:\/\/fab.dental. &#8216;Fab Dental&#8217; is a Fictitious Business Name, registered in California by Guneet Alag DDS PC, which is the company owning the website https:\/\/fab.dental, along with leasing the dental practice Fab Dental at 31133 Mission Blvd, Hayward, CA &#8211; 94544 Comments When visitors leave comments on the site [&hellip;]<\/p>\n","protected":false},"author":1,"featured_media":0,"parent":0,"menu_order":0,"comment_status":"closed","ping_status":"closed","template":"elementor_header_footer","meta":{"footnotes":""},"class_list":["post-4694","page","type-page","status-publish","hentry"],"_links":{"self":[{"href":"https:\/\/fab.dental\/es\/wp-json\/wp\/v2\/pages\/4694","targetHints":{"allow":["GET"]}}],"collection":[{"href":"https:\/\/fab.dental\/es\/wp-json\/wp\/v2\/pages"}],"about":[{"href":"https:\/\/fab.dental\/es\/wp-json\/wp\/v2\/types\/page"}],"author":[{"embeddable":true,"href":"https:\/\/fab.dental\/es\/wp-json\/wp\/v2\/users\/1"}],"replies":[{"embeddable":true,"href":"https:\/\/fab.dental\/es\/wp-json\/wp\/v2\/comments?post=4694"}],"version-history":[{"count":5,"href":"https:\/\/fab.dental\/es\/wp-json\/wp\/v2\/pages\/4694\/revisions"}],"predecessor-version":[{"id":12047,"href":"https:\/\/fab.dental\/es\/wp-json\/wp\/v2\/pages\/4694\/revisions\/12047"}],"wp:attachment":[{"href":"https:\/\/fab.dental\/es\/wp-json\/wp\/v2\/media?parent=4694"}],"curies":[{"name":"wp","href":"https:\/\/api.w.org\/{rel}","templated":true}]}}