{"id":17,"date":"2022-01-12T07:42:07","date_gmt":"2022-01-12T07:42:07","guid":{"rendered":"https:\/\/fab.dental\/?page_id=17"},"modified":"2025-09-13T12:17:10","modified_gmt":"2025-09-13T19:17:10","slug":"informacion-del-paciente","status":"publish","type":"page","link":"https:\/\/fab.dental\/es\/informacion-del-paciente\/","title":{"rendered":"Informaci\u00f3n del paciente"},"content":{"rendered":"<div data-elementor-type=\"wp-page\" data-elementor-id=\"17\" class=\"elementor elementor-17\" data-elementor-post-type=\"page\">\n\t\t\t\t\t\t<section class=\"elementor-section elementor-top-section elementor-element elementor-element-6bcf206 elementor-section-full_width elementor-section-height-min-height elementor-section-height-default elementor-section-items-middle\" data-id=\"6bcf206\" data-element_type=\"section\" data-e-type=\"section\" data-settings=\"{&quot;background_background&quot;:&quot;classic&quot;}\">\n\t\t\t\t\t\t\t<div class=\"elementor-background-overlay\"><\/div>\n\t\t\t\t\t\t\t<div class=\"elementor-container elementor-column-gap-no\">\n\t\t\t\t\t<div class=\"elementor-column elementor-col-100 elementor-top-column elementor-element elementor-element-384d3cf\" data-id=\"384d3cf\" data-element_type=\"column\" data-e-type=\"column\">\n\t\t\t<div class=\"elementor-widget-wrap elementor-element-populated\">\n\t\t\t\t\t\t<div class=\"elementor-element elementor-element-8b4207b elementor-widget elementor-widget-heading\" data-id=\"8b4207b\" data-element_type=\"widget\" data-e-type=\"widget\" data-widget_type=\"heading.default\">\n\t\t\t\t<div class=\"elementor-widget-container\">\n\t\t\t\t\t<h1 class=\"elementor-heading-title elementor-size-default\">Informaci\u00f3n del paciente<\/h1>\t\t\t\t<\/div>\n\t\t\t\t<\/div>\n\t\t\t\t<div class=\"elementor-element elementor-element-01e4eda elementor-widget elementor-widget-text-editor\" data-id=\"01e4eda\" data-element_type=\"widget\" data-e-type=\"widget\" data-widget_type=\"text-editor.default\">\n\t\t\t\t<div class=\"elementor-widget-container\">\n\t\t\t\t\t\t\t\t\t<p><\/p>\t\t\t\t\t\t\t\t<\/div>\n\t\t\t\t<\/div>\n\t\t\t\t<div class=\"elementor-element elementor-element-6d939db elementor-widget elementor-widget-text-editor\" data-id=\"6d939db\" data-element_type=\"widget\" data-e-type=\"widget\" data-widget_type=\"text-editor.default\">\n\t\t\t\t<div class=\"elementor-widget-container\">\n\t\t\t\t\t\t\t\t\t<h2>Todo lo que necesitas saber para que tu visita sea agradable<\/h2>\t\t\t\t\t\t\t\t<\/div>\n\t\t\t\t<\/div>\n\t\t\t\t<div class=\"elementor-element elementor-element-9a9054e elementor-align-center elementor-widget__width-initial elementor-mobile-align-center elementor-tablet-align-center elementor-widget elementor-widget-global elementor-global-5633 elementor-widget-button\" data-id=\"9a9054e\" data-element_type=\"widget\" data-e-type=\"widget\" data-widget_type=\"button.default\">\n\t\t\t\t<div class=\"elementor-widget-container\">\n\t\t\t\t\t\t\t\t\t<div class=\"elementor-button-wrapper\">\n\t\t\t\t\t<a class=\"elementor-button elementor-button-link elementor-size-sm\" href=\"tel:5103423908\">\n\t\t\t\t\t\t<span class=\"elementor-button-content-wrapper\">\n\t\t\t\t\t\t<span class=\"elementor-button-icon\">\n\t\t\t\t<svg aria-hidden=\"true\" class=\"e-font-icon-svg e-fas-phone-alt\" viewbox=\"0 0 512 512\" xmlns=\"http:\/\/www.w3.org\/2000\/svg\"><path d=\"M497.39 361.8l-112-48a24 24 0 0 0-28 6.9l-49.6 60.6A370.66 370.66 0 0 1 130.6 204.11l60.6-49.6a23.94 23.94 0 0 0 6.9-28l-48-112A24.16 24.16 0 0 0 122.6.61l-104 24A24 24 0 0 0 0 48c0 256.5 207.9 464 464 464a24 24 0 0 0 23.4-18.6l24-104a24.29 24.29 0 0 0-14.01-27.6z\"><\/path><\/svg>\t\t\t<\/span>\n\t\t\t\t\t\t\t\t\t<span class=\"elementor-button-text\">510-342-3908<\/span>\n\t\t\t\t\t<\/span>\n\t\t\t\t\t<\/a>\n\t\t\t\t<\/div>\n\t\t\t\t\t\t\t\t<\/div>\n\t\t\t\t<\/div>\n\t\t\t\t\t<\/div>\n\t\t<\/div>\n\t\t\t\t\t<\/div>\n\t\t<\/section>\n\t\t\t\t<section class=\"elementor-section elementor-top-section elementor-element elementor-element-134fb13 elementor-section-boxed elementor-section-height-default elementor-section-height-default\" data-id=\"134fb13\" data-element_type=\"section\" data-e-type=\"section\">\n\t\t\t\t\t\t<div class=\"elementor-container elementor-column-gap-default\">\n\t\t\t\t\t<div class=\"elementor-column elementor-col-33 elementor-top-column elementor-element elementor-element-128220b\" data-id=\"128220b\" data-element_type=\"column\" data-e-type=\"column\" data-settings=\"{&quot;background_background&quot;:&quot;classic&quot;}\">\n\t\t\t<div class=\"elementor-widget-wrap elementor-element-populated\">\n\t\t\t\t\t\t<div class=\"elementor-element elementor-element-64fec76 elementor-widget elementor-widget-image\" data-id=\"64fec76\" data-element_type=\"widget\" data-e-type=\"widget\" data-widget_type=\"image.default\">\n\t\t\t\t<div class=\"elementor-widget-container\">\n\t\t\t\t\t\t\t\t\t\t\t\t\t\t\t<img fetchpriority=\"high\" decoding=\"async\" width=\"475\" height=\"320\" src=\"https:\/\/fab.dental\/wp-content\/uploads\/2022\/01\/pi-mapp.jpg\" class=\"attachment-full size-full wp-image-686\" alt=\"\" srcset=\"https:\/\/fab.dental\/wp-content\/uploads\/2022\/01\/pi-mapp.jpg 475w, https:\/\/fab.dental\/wp-content\/uploads\/2022\/01\/pi-mapp-300x202.jpg 300w\" sizes=\"(max-width: 475px) 100vw, 475px\" title=\"\">\t\t\t\t\t\t\t\t\t\t\t\t\t\t\t<\/div>\n\t\t\t\t<\/div>\n\t\t\t\t<div class=\"elementor-element elementor-element-cc51233 elementor-widget elementor-widget-heading\" data-id=\"cc51233\" data-element_type=\"widget\" data-e-type=\"widget\" data-widget_type=\"heading.default\">\n\t\t\t\t<div class=\"elementor-widget-container\">\n\t\t\t\t\t<h2 class=\"elementor-heading-title elementor-size-default\">Hacer una cita<\/h2>\t\t\t\t<\/div>\n\t\t\t\t<\/div>\n\t\t\t\t<div class=\"elementor-element elementor-element-9ad2d9b elementor-widget elementor-widget-text-editor\" data-id=\"9ad2d9b\" data-element_type=\"widget\" data-e-type=\"widget\" data-widget_type=\"text-editor.default\">\n\t\t\t\t<div class=\"elementor-widget-container\">\n\t\t\t\t\t\t\t\t\t<p>Es f\u00e1cil concertar una cita con Fab Dental. Simplemente llame. <a href=\"tel:5103423908\">(510) 342-3908<\/a> y uno de los miembros de nuestro amable equipo estar\u00e1 encantado de ayudarle. Tambi\u00e9n puede <a href=\"https:\/\/fab.dental\/es\/contactenos\/\">Reservar una cita en l\u00ednea<\/a>Si programa una cita y surge alg\u00fan imprevisto, por favor llame y cambie su cita con 48 horas de anticipaci\u00f3n para que podamos atender las solicitudes de otros pacientes. Se aplicar\u00e1 un cargo no reembolsable por cambio\/cancelaci\u00f3n de $25 por cualquier cambio de cita realizado dentro de las 48 horas previas a la cita. Para cubrir este costo de cancelaci\u00f3n, se cobrar\u00e1 un anticipo de $25 para reservar la cita.<\/p>\t\t\t\t\t\t\t\t<\/div>\n\t\t\t\t<\/div>\n\t\t\t\t\t<\/div>\n\t\t<\/div>\n\t\t\t\t<div class=\"elementor-column elementor-col-33 elementor-top-column elementor-element elementor-element-bd11dea\" data-id=\"bd11dea\" data-element_type=\"column\" data-e-type=\"column\" data-settings=\"{&quot;background_background&quot;:&quot;classic&quot;}\">\n\t\t\t<div class=\"elementor-widget-wrap elementor-element-populated\">\n\t\t\t\t\t\t<div class=\"elementor-element elementor-element-997806f elementor-widget elementor-widget-image\" data-id=\"997806f\" data-element_type=\"widget\" data-e-type=\"widget\" data-widget_type=\"image.default\">\n\t\t\t\t<div class=\"elementor-widget-container\">\n\t\t\t\t\t\t\t\t\t\t\t\t\t\t\t<img decoding=\"async\" width=\"475\" height=\"320\" src=\"https:\/\/fab.dental\/wp-content\/uploads\/2022\/01\/pi-what-to-expect.jpg\" class=\"attachment-full size-full wp-image-691\" alt=\"Procedimiento de conducto radicular, dentista de urgencia\" srcset=\"https:\/\/fab.dental\/wp-content\/uploads\/2022\/01\/pi-what-to-expect.jpg 475w, https:\/\/fab.dental\/wp-content\/uploads\/2022\/01\/pi-what-to-expect-300x202.jpg 300w\" sizes=\"(max-width: 475px) 100vw, 475px\" title=\"\">\t\t\t\t\t\t\t\t\t\t\t\t\t\t\t<\/div>\n\t\t\t\t<\/div>\n\t\t\t\t<div class=\"elementor-element elementor-element-eaf1d79 elementor-widget elementor-widget-heading\" data-id=\"eaf1d79\" data-element_type=\"widget\" data-e-type=\"widget\" data-widget_type=\"heading.default\">\n\t\t\t\t<div class=\"elementor-widget-container\">\n\t\t\t\t\t<h2 class=\"elementor-heading-title elementor-size-default\">Planificaci\u00f3n de la cita<\/h2>\t\t\t\t<\/div>\n\t\t\t\t<\/div>\n\t\t\t\t<div class=\"elementor-element elementor-element-e9ea533 elementor-widget elementor-widget-text-editor\" data-id=\"e9ea533\" data-element_type=\"widget\" data-e-type=\"widget\" data-widget_type=\"text-editor.default\">\n\t\t\t\t<div class=\"elementor-widget-container\">\n\t\t\t\t\t\t\t\t\t<p>Antes de venir a la cita, recibir\u00e1 2 notificaciones de texto. El primero en notificar que la cita est\u00e1 reservada, y ese mensaje de texto compartir\u00e1 nuestra direcci\u00f3n y n\u00famero de tel\u00e9fono. El siguiente le pedir\u00e1 que complete algunos formularios en l\u00ednea. Complete esos formularios antes de llegar.<\/p><p>El d\u00eda de la cita, planee pasar una hora u hora y media en nuestra oficina.<\/p>\t\t\t\t\t\t\t\t<\/div>\n\t\t\t\t<\/div>\n\t\t\t\t\t<\/div>\n\t\t<\/div>\n\t\t\t\t<div class=\"elementor-column elementor-col-33 elementor-top-column elementor-element elementor-element-0f60fb5\" data-id=\"0f60fb5\" data-element_type=\"column\" data-e-type=\"column\" data-settings=\"{&quot;background_background&quot;:&quot;classic&quot;}\">\n\t\t\t<div class=\"elementor-widget-wrap elementor-element-populated\">\n\t\t\t\t\t\t<div class=\"elementor-element elementor-element-4295300 elementor-widget elementor-widget-image\" data-id=\"4295300\" data-element_type=\"widget\" data-e-type=\"widget\" data-widget_type=\"image.default\">\n\t\t\t\t<div class=\"elementor-widget-container\">\n\t\t\t\t\t\t\t\t\t\t\t\t\t\t\t<img decoding=\"async\" width=\"475\" height=\"320\" src=\"https:\/\/fab.dental\/wp-content\/uploads\/2022\/01\/pi-initial-exam.jpg\" class=\"attachment-full size-full wp-image-689\" alt=\"\" srcset=\"https:\/\/fab.dental\/wp-content\/uploads\/2022\/01\/pi-initial-exam.jpg 475w, https:\/\/fab.dental\/wp-content\/uploads\/2022\/01\/pi-initial-exam-300x202.jpg 300w\" sizes=\"(max-width: 475px) 100vw, 475px\" title=\"\">\t\t\t\t\t\t\t\t\t\t\t\t\t\t\t<\/div>\n\t\t\t\t<\/div>\n\t\t\t\t<div class=\"elementor-element elementor-element-30b234f elementor-widget elementor-widget-heading\" data-id=\"30b234f\" data-element_type=\"widget\" data-e-type=\"widget\" data-widget_type=\"heading.default\">\n\t\t\t\t<div class=\"elementor-widget-container\">\n\t\t\t\t\t<h2 class=\"elementor-heading-title elementor-size-default\">Examen Inicial<\/h2>\t\t\t\t<\/div>\n\t\t\t\t<\/div>\n\t\t\t\t<div class=\"elementor-element elementor-element-8a881ff elementor-widget elementor-widget-text-editor\" data-id=\"8a881ff\" data-element_type=\"widget\" data-e-type=\"widget\" data-widget_type=\"text-editor.default\">\n\t\t\t\t<div class=\"elementor-widget-container\">\n\t\t\t\t\t\t\t\t\t<p>Durante su visita le haremos algunas preguntas y aprenderemos sobre c\u00f3mo cuida sus dientes. Queremos asegurarnos de que sepa c\u00f3mo mantener sus dientes sanos y fuertes. Tambi\u00e9n le mostraremos c\u00f3mo cepillarse los dientes y usar hilo dental correctamente.<\/p><p>Si viene para una revisi\u00f3n y limpieza rutinaria, le limpiaremos los dientes para eliminar la placa y el sarro. Despu\u00e9s, uno de nuestros m\u00e9dicos examinar\u00e1 sus dientes con m\u00e1s detalle y le sugerir\u00e1 qu\u00e9 podemos hacer para mantenerlos sanos.<\/p>\t\t\t\t\t\t\t\t<\/div>\n\t\t\t\t<\/div>\n\t\t\t\t\t<\/div>\n\t\t<\/div>\n\t\t\t\t\t<\/div>\n\t\t<\/section>\n\t\t\t\t<section class=\"elementor-section elementor-top-section elementor-element elementor-element-eaea838 elementor-section-boxed elementor-section-height-default elementor-section-height-default\" data-id=\"eaea838\" data-element_type=\"section\" data-e-type=\"section\">\n\t\t\t\t\t\t<div class=\"elementor-container elementor-column-gap-default\">\n\t\t\t\t\t<div class=\"elementor-column elementor-col-33 elementor-top-column elementor-element elementor-element-0491957\" data-id=\"0491957\" data-element_type=\"column\" data-e-type=\"column\" data-settings=\"{&quot;background_background&quot;:&quot;classic&quot;}\">\n\t\t\t<div class=\"elementor-widget-wrap elementor-element-populated\">\n\t\t\t\t\t\t<div class=\"elementor-element elementor-element-2cd32b8 elementor-widget elementor-widget-image\" data-id=\"2cd32b8\" data-element_type=\"widget\" data-e-type=\"widget\" data-widget_type=\"image.default\">\n\t\t\t\t<div class=\"elementor-widget-container\">\n\t\t\t\t\t\t\t\t\t\t\t\t\t\t\t<img loading=\"lazy\" decoding=\"async\" width=\"475\" height=\"320\" src=\"https:\/\/fab.dental\/wp-content\/uploads\/2022\/01\/pi-pain-concerns.jpg\" class=\"attachment-full size-full wp-image-690\" alt=\"\" srcset=\"https:\/\/fab.dental\/wp-content\/uploads\/2022\/01\/pi-pain-concerns.jpg 475w, https:\/\/fab.dental\/wp-content\/uploads\/2022\/01\/pi-pain-concerns-300x202.jpg 300w\" sizes=\"(max-width: 475px) 100vw, 475px\" title=\"\">\t\t\t\t\t\t\t\t\t\t\t\t\t\t\t<\/div>\n\t\t\t\t<\/div>\n\t\t\t\t<div class=\"elementor-element elementor-element-8a19e74 elementor-widget elementor-widget-heading\" data-id=\"8a19e74\" data-element_type=\"widget\" data-e-type=\"widget\" data-widget_type=\"heading.default\">\n\t\t\t\t<div class=\"elementor-widget-container\">\n\t\t\t\t\t<h2 class=\"elementor-heading-title elementor-size-default\">Preocupaciones por el dolor<\/h2>\t\t\t\t<\/div>\n\t\t\t\t<\/div>\n\t\t\t\t<div class=\"elementor-element elementor-element-3e09c53 elementor-widget elementor-widget-text-editor\" data-id=\"3e09c53\" data-element_type=\"widget\" data-e-type=\"widget\" data-widget_type=\"text-editor.default\">\n\t\t\t\t<div class=\"elementor-widget-container\">\n\t\t\t\t\t\t\t\t\t<p>Queremos que se sienta c\u00f3modo durante su visita al dentista, y por eso haremos todo lo posible para que no sienta demasiado dolor. Si necesita un tratamiento, nuestros dentistas hablar\u00e1n con usted sobre cu\u00e1nto dolor puede soportar y elaborar\u00e1n un plan para ayudarle a controlarlo. Trabajaremos juntos para que sus problemas dentales se solucionen con el menor dolor posible, para que pueda retomar su vida normal lo antes posible.<\/p>\t\t\t\t\t\t\t\t<\/div>\n\t\t\t\t<\/div>\n\t\t\t\t\t<\/div>\n\t\t<\/div>\n\t\t\t\t<div class=\"elementor-column elementor-col-33 elementor-top-column elementor-element elementor-element-1ab3cb5\" data-id=\"1ab3cb5\" data-element_type=\"column\" data-e-type=\"column\" data-settings=\"{&quot;background_background&quot;:&quot;classic&quot;}\">\n\t\t\t<div class=\"elementor-widget-wrap elementor-element-populated\">\n\t\t\t\t\t\t<div class=\"elementor-element elementor-element-aa88811 elementor-widget elementor-widget-image\" data-id=\"aa88811\" data-element_type=\"widget\" data-e-type=\"widget\" data-widget_type=\"image.default\">\n\t\t\t\t<div class=\"elementor-widget-container\">\n\t\t\t\t\t\t\t\t\t\t\t\t\t\t\t<img loading=\"lazy\" decoding=\"async\" width=\"475\" height=\"320\" src=\"https:\/\/fab.dental\/wp-content\/uploads\/2022\/01\/pi-dental-insurace.jpg\" class=\"attachment-full size-full wp-image-687\" alt=\"\" srcset=\"https:\/\/fab.dental\/wp-content\/uploads\/2022\/01\/pi-dental-insurace.jpg 475w, https:\/\/fab.dental\/wp-content\/uploads\/2022\/01\/pi-dental-insurace-300x202.jpg 300w\" sizes=\"(max-width: 475px) 100vw, 475px\" title=\"\">\t\t\t\t\t\t\t\t\t\t\t\t\t\t\t<\/div>\n\t\t\t\t<\/div>\n\t\t\t\t<div class=\"elementor-element elementor-element-59b6b1d elementor-widget elementor-widget-heading\" data-id=\"59b6b1d\" data-element_type=\"widget\" data-e-type=\"widget\" data-widget_type=\"heading.default\">\n\t\t\t\t<div class=\"elementor-widget-container\">\n\t\t\t\t\t<h2 class=\"elementor-heading-title elementor-size-default\">Seguro Dental y Financiamiento<\/h2>\t\t\t\t<\/div>\n\t\t\t\t<\/div>\n\t\t\t\t<div class=\"elementor-element elementor-element-ccf0307 elementor-widget elementor-widget-text-editor\" data-id=\"ccf0307\" data-element_type=\"widget\" data-e-type=\"widget\" data-widget_type=\"text-editor.default\">\n\t\t\t\t<div class=\"elementor-widget-container\">\n\t\t\t\t\t\t\t\t\t<p>Aceptamos la mayor\u00eda de los planes de seguro dental PPO (incluido Delta Dental PPO) y nos esforzamos por satisfacer las solicitudes de nuestros pacientes. Llame a nuestra oficina al <a href=\"tel:5103423908\">(510) 342-3908<\/a> para m\u00e1s informaci\u00f3n.<\/p><p>Fab Dental es el dentista m\u00e1s asequible en Hayward, California. Adem\u00e1s de precios asequibles, tambi\u00e9n ofrecemos financiamiento 100% a trav\u00e9s de nuestros socios como Lending Club, Care Credit y Cherry Financing.<\/p><p>Primero somos profesionales de la salud y trabajaremos con usted para asegurarnos de que reciba el tratamiento que necesita.<\/p>\t\t\t\t\t\t\t\t<\/div>\n\t\t\t\t<\/div>\n\t\t\t\t\t<\/div>\n\t\t<\/div>\n\t\t\t\t<div class=\"elementor-column elementor-col-33 elementor-top-column elementor-element elementor-element-d948189\" data-id=\"d948189\" data-element_type=\"column\" data-e-type=\"column\" data-settings=\"{&quot;background_background&quot;:&quot;classic&quot;}\">\n\t\t\t<div class=\"elementor-widget-wrap elementor-element-populated\">\n\t\t\t\t\t\t<div class=\"elementor-element elementor-element-6c2648f elementor-widget elementor-widget-image\" data-id=\"6c2648f\" data-element_type=\"widget\" data-e-type=\"widget\" data-widget_type=\"image.default\">\n\t\t\t\t<div class=\"elementor-widget-container\">\n\t\t\t\t\t\t\t\t\t\t\t\t\t\t\t<img loading=\"lazy\" decoding=\"async\" width=\"475\" height=\"320\" src=\"https:\/\/fab.dental\/wp-content\/uploads\/2022\/01\/pi-financial-policy.jpg\" class=\"attachment-full size-full wp-image-688\" alt=\"\" srcset=\"https:\/\/fab.dental\/wp-content\/uploads\/2022\/01\/pi-financial-policy.jpg 475w, https:\/\/fab.dental\/wp-content\/uploads\/2022\/01\/pi-financial-policy-300x202.jpg 300w\" sizes=\"(max-width: 475px) 100vw, 475px\" title=\"\">\t\t\t\t\t\t\t\t\t\t\t\t\t\t\t<\/div>\n\t\t\t\t<\/div>\n\t\t\t\t<div class=\"elementor-element elementor-element-1165cb4 elementor-widget elementor-widget-heading\" data-id=\"1165cb4\" data-element_type=\"widget\" data-e-type=\"widget\" data-widget_type=\"heading.default\">\n\t\t\t\t<div class=\"elementor-widget-container\">\n\t\t\t\t\t<h2 class=\"elementor-heading-title elementor-size-default\">Despu\u00e9s de su cita<\/h2>\t\t\t\t<\/div>\n\t\t\t\t<\/div>\n\t\t\t\t<div class=\"elementor-element elementor-element-2be3a8a elementor-widget elementor-widget-text-editor\" data-id=\"2be3a8a\" data-element_type=\"widget\" data-e-type=\"widget\" data-widget_type=\"text-editor.default\">\n\t\t\t\t<div class=\"elementor-widget-container\">\n\t\t\t\t\t\t\t\t\t<p>Mientras se prepara para irse a casa, recuerde programar una cita de seguimiento. El chequeo y la limpieza regulares son importantes para asegurarse de mantener una buena higiene bucal. Nuestro amable personal de recepci\u00f3n lo ayudar\u00e1 a reservar una cita en un momento conveniente. Recibir\u00e1 un mensaje de texto con los detalles de la cita.<\/p>\t\t\t\t\t\t\t\t<\/div>\n\t\t\t\t<\/div>\n\t\t\t\t\t<\/div>\n\t\t<\/div>\n\t\t\t\t\t<\/div>\n\t\t<\/section>\n\t\t\t\t<\/div>","protected":false},"excerpt":{"rendered":"<p>Patient Information Everything you need to know to make your visit enjoyable 510-342-3908 Making an Appointment It is easy to make an appointment with Fab Dental. Simply call (510) 342-3908 and one of our friendly team members will be happy to assist you. You can also book an appointment online. If you schedule an appointment [&hellip;]<\/p>\n","protected":false},"author":1,"featured_media":5819,"parent":0,"menu_order":0,"comment_status":"closed","ping_status":"closed","template":"elementor_header_footer","meta":{"footnotes":""},"class_list":["post-17","page","type-page","status-publish","has-post-thumbnail","hentry"],"_links":{"self":[{"href":"https:\/\/fab.dental\/es\/wp-json\/wp\/v2\/pages\/17","targetHints":{"allow":["GET"]}}],"collection":[{"href":"https:\/\/fab.dental\/es\/wp-json\/wp\/v2\/pages"}],"about":[{"href":"https:\/\/fab.dental\/es\/wp-json\/wp\/v2\/types\/page"}],"author":[{"embeddable":true,"href":"https:\/\/fab.dental\/es\/wp-json\/wp\/v2\/users\/1"}],"replies":[{"embeddable":true,"href":"https:\/\/fab.dental\/es\/wp-json\/wp\/v2\/comments?post=17"}],"version-history":[{"count":5,"href":"https:\/\/fab.dental\/es\/wp-json\/wp\/v2\/pages\/17\/revisions"}],"predecessor-version":[{"id":13158,"href":"https:\/\/fab.dental\/es\/wp-json\/wp\/v2\/pages\/17\/revisions\/13158"}],"wp:featuredmedia":[{"embeddable":true,"href":"https:\/\/fab.dental\/es\/wp-json\/wp\/v2\/media\/5819"}],"wp:attachment":[{"href":"https:\/\/fab.dental\/es\/wp-json\/wp\/v2\/media?parent=17"}],"curies":[{"name":"wp","href":"https:\/\/api.w.org\/{rel}","templated":true}]}}